{"id":1935,"date":"2025-12-19T19:10:46","date_gmt":"2025-12-19T19:10:46","guid":{"rendered":"https:\/\/econoler.firmecreative.com\/privacy-policy\/"},"modified":"2026-02-27T21:16:19","modified_gmt":"2026-02-27T21:16:19","slug":"politique-de-confidentialite","status":"publish","type":"page","link":"https:\/\/econoler.com\/fr\/politique-de-confidentialite\/","title":{"rendered":"Politique de confidentialit\u00e9 et protection des renseignements personnels"},"content":{"rendered":"\n<p>Econoler Inc., ses filiales et entit\u00e9s affili\u00e9es (\u00ab ECONOLER \u00bb ou l\u2019\u00ab Entreprise \u00bb) reconnaissent l\u2019importance de prot\u00e9ger les Renseignements personnels, c\u2019est-\u00e0-dire tout Renseignement concernant un individu qui permet de l\u2019identifier de mani\u00e8re directe ou indirecte (\u00ab Renseignement personnel \u00bb).<\/p>\n\n\n\n<p>La pr\u00e9sente Politique de confidentialit\u00e9 et de protection des renseignements personnels (la \u00ab Politique \u00bb) d\u00e9crit les mesures appliqu\u00e9es par ECONOLER pour assurer la protection des Renseignements personnels qu\u2019elle recueille, utilise, divulgue, traite et conserve dans le cadre de l\u2019exploitation de son Site Web (Econoler.com) et de ses activit\u00e9s op\u00e9rationnelles courantes.<\/p>\n\n\n\n<p>Cette politique est d\u00e9finie et vise \u00e0 se conformer aux dispositions de la Loi sur la protection des renseignements personnels dans le secteur priv\u00e9 (LPRPSP), tel que modifi\u00e9 par la L.Q. 2021, c.25 et la Loi sur la protection des renseignements personnels et les documents \u00e9lectroniques (LPRPDE).<\/p>\n\n\n\n<div style=\"height:100px\" aria-hidden=\"true\" class=\"wp-block-spacer\"><\/div>\n\n\n\n<h2 class=\"wp-block-heading\">1. Renseignements personnels collect\u00e9s<\/h2>\n\n\n\n<p>Aux fins de cette Politique, la collecte des Renseignements personnels par ECONOLER inclut uniquement ceux qui sont n\u00e9cessaires pour les fins de ses activit\u00e9s. Ceux-ci concernent les renseignements relatifs \u00e0 votre identit\u00e9, tels que vos noms, adresses civiques et courriels, num\u00e9ros de t\u00e9l\u00e9phone, nom de compagnie, des informations d\u00e9mographiques ainsi que des informations relatives \u00e0 l\u2019utilisation du Site Web.&nbsp;<\/p>\n\n\n\n<p><strong>ECONOLER<\/strong>&nbsp;recueille des Renseignements personnels des fa\u00e7ons suivantes :&nbsp;<\/p>\n\n\n\n<p><strong>1.1 Directement aupr\u00e8s de vous :<\/strong>&nbsp;<\/p>\n\n\n\n<p>La plupart des Renseignements personnels qui sont collect\u00e9s sont ceux fournis directement, lors de :&nbsp;<\/p>\n\n\n\n<ul class=\"wp-block-list\">\n<li>Toute prise de contact avec Econoler ;&nbsp;<\/li>\n<\/ul>\n\n\n\n<ul class=\"wp-block-list\">\n<li>Demandes sp\u00e9cifiques relativement aux services ;&nbsp;<\/li>\n<\/ul>\n\n\n\n<ul class=\"wp-block-list\">\n<li>D\u00e9p\u00f4t d\u2019une candidature \u00e0 un poste.&nbsp;<\/li>\n<\/ul>\n\n\n\n<p><strong>1.2 Par l\u2019entremise du Site Web de&nbsp;l\u2019Entreprise:<\/strong>&nbsp;<\/p>\n\n\n\n<p><strong>ECONOLER<\/strong>&nbsp;peut \u00e9galement recueillir des informations relatives aux visiteurs du Site Web ou par le portail des services en lignes, incluant l\u2019identifiant de l\u2019\u00e9quipement informatique utilis\u00e9 (adresse IP). Cette collecte se fait par l\u2019utilisation de fichiers t\u00e9moins de connexion commun\u00e9ment appel\u00e9s \u00ab cookies \u00bb. Ces fichiers permettent notamment de reconna\u00eetre l\u2019utilisateur de notre Site lorsqu\u2019il y acc\u00e8de et lorsqu\u2019il passe d\u2019une page \u00e0 l\u2019autre. Lorsque exig\u00e9, ECONOLER sollicitera le consentement avant de collecter les informations.&nbsp;<\/p>\n\n\n\n<p><strong>1.3 Par l\u2019entremise de nos partenaires :<\/strong>&nbsp;<\/p>\n\n\n\n<p><strong>ECONOLER<\/strong>&nbsp;peut \u00e9galement recueillir des informations relatives aux clients de ses partenaires dans le cadre de l\u2019ex\u00e9cution contrat qu\u2019ECONOLER a avec ces partenaires. ECONOLER peut donc avoir acc\u00e8s \u00e0 ces renseignements personnels afin de r\u00e9aliser les missions qui lui sont soumises par ces partenaires. ECONOLER conserve les renseignements personnels collect\u00e9s par lesdits partenaires uniquement que dans l\u2019objectif de r\u00e9aliser cette mission. Ces partenaires s\u2019assurent de collecter les consentements des personnes concern\u00e9es avant la potentielle transmission \u00e0&nbsp;<strong>ECONOLER<\/strong>.&nbsp;<\/p>\n\n\n\n<div style=\"height:100px\" aria-hidden=\"true\" class=\"wp-block-spacer\"><\/div>\n\n\n\n<h2 class=\"wp-block-heading\">2. Consentement<\/h2>\n\n\n\n<p><strong>ECONOLER<\/strong>&nbsp;collecte, utilise et communique les Renseignements personnels pour les fins pr\u00e9cis\u00e9es au moment de la collecte, par exemple au moment o\u00f9 une personne compl\u00e8te une demande d\u2019information via la page de communication du Site Web.&nbsp;<\/p>\n\n\n\n<p>Voici des exemples de fins, mais sans s\u2019y limiter, pour lesquelles&nbsp;<strong>ECONOLER<\/strong>&nbsp;collecte les renseignements personnels :&nbsp;<\/p>\n\n\n\n<ul class=\"wp-block-list\">\n<li>G\u00e9rer des demandes relatives aux services&nbsp;offerts;&nbsp;<\/li>\n\n\n\n<li>Personnaliser et adapter l\u2019exp\u00e9rience de navigation sur le Site Web de&nbsp;l\u2019Entreprise;&nbsp;<\/li>\n<\/ul>\n\n\n\n<ul class=\"wp-block-list\">\n<li>\u00c9valuer un dossier dans le cadre d\u2019une mise en candidature pour un poste identifi\u00e9 dans la section&nbsp;Carri\u00e8res;&nbsp;<\/li>\n<\/ul>\n\n\n\n<ul class=\"wp-block-list\">\n<li>Rencontrer les obligations r\u00e8glementaires et&nbsp;l\u00e9gales;&nbsp;<\/li>\n<\/ul>\n\n\n\n<ul class=\"wp-block-list\">\n<li>Confirmer l\u2019identit\u00e9 des individus, v\u00e9rifier l\u2019exactitude des Renseignements personnels et les mettre \u00e0\u00a0jour.\u00a0<\/li>\n<\/ul>\n\n\n\n<p>En utilisant le Site Web, vous consentez \u00e0 la collecte, \u00e0 l\u2019utilisation et \u00e0 la conservation des Renseignements personnels \u00e9num\u00e9r\u00e9s dans la pr\u00e9sente politique.&nbsp;<\/p>\n\n\n\n<div style=\"height:100px\" aria-hidden=\"true\" class=\"wp-block-spacer\"><\/div>\n\n\n\n<h2 class=\"wp-block-heading\">3. Acc\u00e8s et communication des renseignements personnels<\/h2>\n\n\n\n<p>Les Renseignements personnels sont divulgu\u00e9s et accessibles aux employ\u00e9s d\u2019<strong>ECONOLER<\/strong>&nbsp;qui ont raisonnablement besoin d\u2019y acc\u00e9der pour r\u00e9aliser les objectifs \u00e9nonc\u00e9s dans la pr\u00e9sente Politique. Tous les Renseignements personnels d\u00e9pos\u00e9s sur les serveurs d\u2019<strong>ECONOLER<\/strong>&nbsp;sont s\u00e9curis\u00e9s et ne sont accessibles qu\u2019aux employ\u00e9s qui ont le droit d\u2019y acc\u00e9der, dans le cadre de leurs fonctions. Le principe du moindre privil\u00e8ge est suivi dans l\u2019octroi des acc\u00e8s aux Renseignements personnels, suivant le r\u00f4le et les responsabilit\u00e9s des usag\u00e9s.&nbsp;<\/p>\n\n\n\n<p>De tierces personnes (partenaires et fournisseurs) peuvent \u00e9galement acc\u00e9der aux Renseignements personnels recueillis pour r\u00e9aliser les objectifs \u00e9nonc\u00e9s dans la pr\u00e9sente Politique. Ils ne seront pas en mesure d\u2019acc\u00e9der aux Renseignements personnels au-del\u00e0 de ce qui est raisonnablement n\u00e9cessaire pour atteindre l\u2019objectif donn\u00e9.&nbsp;<\/p>\n\n\n\n<p><strong>ECONOLER<\/strong>&nbsp;s\u2019engage \u00e0 ne pas vendre ou partager les Renseignements personnels avec d\u2019autres tiers sauf dans les cas suivants o\u00f9 :&nbsp;<\/p>\n\n\n\n<ol start=\"1\" class=\"wp-block-list\">\n<li>La loi&nbsp;l\u2019exige;&nbsp;<\/li>\n\n\n\n<li>Il est requis pour toute proc\u00e9dure&nbsp;judiciaire;&nbsp;<\/li>\n\n\n\n<li>Il est n\u00e9cessaire afin prouver ou prot\u00e9ger les droits&nbsp;l\u00e9gaux;&nbsp;<\/li>\n\n\n\n<li>Dans le cadre d\u2019une transaction commerciale, \u00e0 de potentiels repreneurs si la soci\u00e9t\u00e9 doit changer de mains.&nbsp;<\/li>\n<\/ol>\n\n\n\n<div style=\"height:100px\" aria-hidden=\"true\" class=\"wp-block-spacer\"><\/div>\n\n\n\n<h2 class=\"wp-block-heading\">4. O\u00f9 sont conserv\u00e9s vos renseignements personnels<\/h2>\n\n\n\n<p>Les serveurs contenant les Renseignements personnels sont situ\u00e9s au Qu\u00e9bec, Canada. Il est toutefois possible que la communication de Renseignements personnels \u00e0 certains fournisseurs de solutions technologiques entra\u00eene le transfert de ceux-ci hors du Qu\u00e9bec. Dans de tels cas,&nbsp;<strong>ECONOLER<\/strong>&nbsp;:&nbsp;<\/p>\n\n\n\n<p>Effectuera toutes les analyses de risques li\u00e9s \u00e0 la protection des renseignements personnels n\u00e9cessaires ;&nbsp;<\/p>\n\n\n\n<p>Validera au pr\u00e9alable les lois et les pratiques de protection des Renseignements personnels applicables dans la juridiction vis\u00e9e et s\u2019assurera d\u2019une protection ad\u00e9quate de vos Renseignements personnels.&nbsp;<\/p>\n\n\n\n<div style=\"height:100px\" aria-hidden=\"true\" class=\"wp-block-spacer\"><\/div>\n\n\n\n<h2 class=\"wp-block-heading\">5. Dur\u00e9e de conservation et destruction des renseignements personnels<\/h2>\n\n\n\n<p><strong>ECONOLER<\/strong>&nbsp;a mis en place des mesures afin d\u2019assurer sa conformit\u00e9 relativement aux obligations de conservation et de destruction des Renseignements personnels.&nbsp;<\/p>\n\n\n\n<p>Les Renseignements personnels recueillis par&nbsp;<strong>ECONOLER<\/strong>&nbsp;ne sont pas conserv\u00e9s au-del\u00e0 de ce qui est n\u00e9cessaire pour atteindre les fins pour lesquelles elles sont recueillies.&nbsp;<\/p>\n\n\n\n<p>Nonobstant ce qui pr\u00e9c\u00e8de,&nbsp;<strong>ECONOLER<\/strong>&nbsp;conservera vos Renseignements personnels lorsque cette r\u00e9tention sera requise afin d\u2019\u00eatre conforme aux obligations l\u00e9gales applicables, outre celles sp\u00e9cifiques \u00e0 la protection des renseignements personnels.&nbsp;<\/p>\n\n\n\n<div style=\"height:100px\" aria-hidden=\"true\" class=\"wp-block-spacer\"><\/div>\n\n\n\n<h2 class=\"wp-block-heading\">6. Mesure de protection des renseignements personnels<\/h2>\n\n\n\n<p><strong>ECONOLER<\/strong>&nbsp;a mis en place des mesures de s\u00e9curit\u00e9 physiques, organisationnelles, contractuelles et technologiques afin de prot\u00e9ger ad\u00e9quatement les Renseignements personnels de tout vol, perte, acc\u00e8s non autoris\u00e9, transfert non autoris\u00e9, copie non autoris\u00e9e ou alt\u00e9ration.&nbsp;<\/p>\n\n\n\n<p>Les employ\u00e9s d\u2019ECONOLER sont li\u00e9s par des accords de confidentialit\u00e9. Des formations et de la sensibilisation relatives \u00e0 la S\u00e9curit\u00e9 de l\u2019information et la Protection des Renseignements personnels sont offertes sur une base r\u00e9guli\u00e8re aux employ\u00e9s d\u2019ECONOLER. Les syst\u00e8mes informatiques respectent les cadres et protocoles de s\u00e9curit\u00e9 recommand\u00e9s par l\u2019industrie.&nbsp;<\/p>\n\n\n\n<div style=\"height:100px\" aria-hidden=\"true\" class=\"wp-block-spacer\"><\/div>\n\n\n\n<h2 class=\"wp-block-heading\">7. Les droits des utilisateurs du site web<\/h2>\n\n\n\n<p>En tant que personne dont les Renseignements personnels ont \u00e9t\u00e9 collect\u00e9s par&nbsp;<strong>ECONOLER<\/strong>, vous pouvez faire valoir les droits suivants :&nbsp;<\/p>\n\n\n\n<p><strong>Droit d\u2019acc\u00e9der, de corriger ou de compl\u00e9ter vos Renseignements personnels : ECONOLER<\/strong>&nbsp;fait les efforts raisonnables pour que les Renseignements personnels qu\u2019elle recueille soient exacts et complets aux fins auxquelles ceux-ci sont utilis\u00e9s. Vous pouvez consulter vos Renseignements personnels, v\u00e9rifier leur exactitude et les modifier si n\u00e9cessaire, sous r\u00e9serve toutefois d\u2019exceptions pr\u00e9vues dans la loi.&nbsp;<\/p>\n\n\n\n<p>Votre demande d\u2019acc\u00e8s ou de rectification doit \u00eatre transmise \u00e0 la Responsable de la protection des renseignements personnelle la vie priv\u00e9e aux coordonn\u00e9es qui se trouvent \u00e0 la section 10. Par la suite, elle sera trait\u00e9e au plus tard dans les trente (30) jours suivants la date de r\u00e9ception de votre demande \u00e9crite.&nbsp;<\/p>\n\n\n\n<p><strong>Droit de retirer votre&nbsp;consentement:<\/strong>&nbsp;Vous pouvez retirer votre consentement \u00e0 ce que vos Renseignements personnels soient utilis\u00e9s par&nbsp;<strong>ECONOLER<\/strong>&nbsp;pour des fins qui ne sont pas essentielles \u00e0 la gestion et \u00e0 l\u2019administration de ses produits et services.&nbsp;<\/p>\n\n\n\n<p>Il ne sera, g\u00e9n\u00e9ralement, pas possible de retirer votre consentement \u00e0 l\u2019utilisation de vos Renseignements personnels pour une finalit\u00e9 relative \u00e0 la gestion et l\u2019administration des produits et services sans mettre fin \u00e0 votre contrat.&nbsp;<\/p>\n\n\n\n<p>Toute demande de retrait de consentement doit \u00eatre communiqu\u00e9e \u00e0 la Responsable de la protection des renseignements personnels dont les coordonn\u00e9es se trouvent \u00e0 la section 9.&nbsp;<\/p>\n\n\n\n<p><strong>Droit de d\u00e9poser une plainte<\/strong>&nbsp;: Toutes question \u00e0 l\u2019\u00e9gard de vos Renseignements personnels ou plaintes \u00e0 la suite du non-respect des principes \u00e9nonc\u00e9s dans la Politique devront \u00eatre achemin\u00e9es \u00e0 la Responsable de la protection des renseignements personnels dont les coordonn\u00e9es se trouvent \u00e0 la section 9.&nbsp;<\/p>\n\n\n\n<div style=\"height:100px\" aria-hidden=\"true\" class=\"wp-block-spacer\"><\/div>\n\n\n\n<h2 class=\"wp-block-heading\">8. Mise \u00e0 jour de la politique<\/h2>\n\n\n\n<p>Cette Politique peut \u00eatre modifi\u00e9e \u00e0 l\u2019occasion afin de maintenir la conformit\u00e9 avec la loi et de tenir compte de tout changement au processus de collecte des Renseignements personnels.&nbsp;<strong>ECONOLER<\/strong>&nbsp;recommande \u00e0 ses utilisateurs de v\u00e9rifier la Politique de temps \u00e0 autre pour s\u2019assurer qu\u2019ils sont inform\u00e9s de toute mise \u00e0 jour.&nbsp;<\/p>\n\n\n\n<div style=\"height:100px\" aria-hidden=\"true\" class=\"wp-block-spacer\"><\/div>\n\n\n\n<h2 class=\"wp-block-heading\">9. Contact<\/h2>\n\n\n\n<p>La Responsable de la protection des renseignements personnels est responsable d\u2019assurer la protection de vos Renseignements personnels, c\u2019est-\u00e0-dire de prendre toutes mesures n\u00e9cessaires pour garantir vos droits tels que d\u00e9crits dans les pr\u00e9c\u00e9dentes sections.\u00a0<\/p>\n\n\n\n<p>Les coordonn\u00e9es sont les suivantes :&nbsp;<\/p>\n\n\n\n<p>Responsable de la protection des Renseignements personnels \u2013 Econoler&nbsp;<br>Adresse : 2475 Bd Laurier bureau 250, Qu\u00e9bec, Qu\u00e9bec G1T 1C4&nbsp;<br>T\u00e9l. : (418) 692-2592&nbsp;<br>Courriel :&nbsp;<a href=\"mailto:confidentialite@econoler.com\" target=\"_blank\" rel=\"noreferrer noopener\">confidentialite@econoler.com<\/a>&nbsp;<\/p>\n\n\n\n<p>Toute demande sera prise en compte et trait\u00e9e en tout respect. La r\u00e9ponse \u00e0 votre demande sera impossible si les Renseignements personnels ne sont plus conserv\u00e9s par&nbsp;<strong>ECONOLER<\/strong>.&nbsp;<\/p>\n\n\n\n<div style=\"height:100px\" aria-hidden=\"true\" class=\"wp-block-spacer\"><\/div>\n","protected":false},"excerpt":{"rendered":"<p>Econoler Inc., ses filiales et entit\u00e9s affili\u00e9es (\u00ab ECONOLER \u00bb ou l\u2019\u00ab Entreprise \u00bb) reconnaissent l\u2019importance de prot\u00e9ger les Renseignements personnels, c\u2019est-\u00e0-dire tout Renseignement concernant un individu qui permet de l\u2019identifier de mani\u00e8re directe ou indirecte (\u00ab Renseignement personnel \u00bb). La pr\u00e9sente Politique de confidentialit\u00e9 et de protection des renseignements personnels (la \u00ab Politique \u00bb) [&hellip;]<\/p>\n","protected":false},"author":1,"featured_media":0,"parent":0,"menu_order":0,"comment_status":"closed","ping_status":"closed","template":"","meta":{"_acf_changed":false,"footnotes":""},"class_list":["post-1935","page","type-page","status-publish","hentry"],"acf":[],"yoast_head":"<!-- This site is optimized with the Yoast SEO plugin v27.0 - https:\/\/yoast.com\/product\/yoast-seo-wordpress\/ -->\n<title>Politique de Confidentialit\u00e9 et Protection des Donn\u00e9es | Econoler<\/title>\n<meta name=\"description\" content=\"Notre politique de confidentialit\u00e9 : comment nous collectons, utilisons et prot\u00e9geons les renseignements personnels des visiteurs du site ainsi que leurs droits.\" \/>\n<meta name=\"robots\" content=\"index, follow, max-snippet:-1, max-image-preview:large, max-video-preview:-1\" \/>\n<link rel=\"canonical\" href=\"https:\/\/econoler.com\/fr\/politique-de-confidentialite\/\" \/>\n<meta property=\"og:locale\" content=\"fr_FR\" \/>\n<meta property=\"og:type\" content=\"article\" \/>\n<meta property=\"og:title\" content=\"Politique de Confidentialit\u00e9 et Protection des Donn\u00e9es | Econoler\" \/>\n<meta property=\"og:description\" content=\"Notre politique de confidentialit\u00e9 : comment nous collectons, utilisons et prot\u00e9geons les renseignements personnels des visiteurs du site ainsi que leurs droits.\" \/>\n<meta property=\"og:url\" content=\"https:\/\/econoler.com\/fr\/politique-de-confidentialite\/\" \/>\n<meta property=\"og:site_name\" content=\"Econoler\" \/>\n<meta property=\"article:modified_time\" content=\"2026-02-27T21:16:19+00:00\" \/>\n<meta property=\"og:image\" content=\"https:\/\/econoler.com\/wp-content\/uploads\/2026\/02\/og-econoler-1.jpg\" \/>\n\t<meta property=\"og:image:width\" content=\"1200\" \/>\n\t<meta property=\"og:image:height\" content=\"675\" \/>\n\t<meta property=\"og:image:type\" content=\"image\/jpeg\" \/>\n<meta name=\"twitter:card\" content=\"summary_large_image\" \/>\n<meta name=\"twitter:label1\" content=\"Dur\u00e9e de lecture estim\u00e9e\" \/>\n\t<meta name=\"twitter:data1\" content=\"7 minutes\" \/>\n<!-- \/ Yoast SEO plugin. -->","yoast_head_json":{"title":"Politique de Confidentialit\u00e9 et Protection des Donn\u00e9es | Econoler","description":"Notre politique de confidentialit\u00e9 : comment nous collectons, utilisons et prot\u00e9geons les renseignements personnels des visiteurs du site ainsi que leurs droits.","robots":{"index":"index","follow":"follow","max-snippet":"max-snippet:-1","max-image-preview":"max-image-preview:large","max-video-preview":"max-video-preview:-1"},"canonical":"https:\/\/econoler.com\/fr\/politique-de-confidentialite\/","og_locale":"fr_FR","og_type":"article","og_title":"Politique de Confidentialit\u00e9 et Protection des Donn\u00e9es | Econoler","og_description":"Notre politique de confidentialit\u00e9 : comment nous collectons, utilisons et prot\u00e9geons les renseignements personnels des visiteurs du site ainsi que leurs droits.","og_url":"https:\/\/econoler.com\/fr\/politique-de-confidentialite\/","og_site_name":"Econoler","article_modified_time":"2026-02-27T21:16:19+00:00","og_image":[{"width":1200,"height":675,"url":"https:\/\/econoler.com\/wp-content\/uploads\/2026\/02\/og-econoler-1.jpg","type":"image\/jpeg"}],"twitter_card":"summary_large_image","twitter_misc":{"Dur\u00e9e de lecture estim\u00e9e":"7 minutes"},"schema":{"@context":"https:\/\/schema.org","@graph":[{"@type":"WebPage","@id":"https:\/\/econoler.com\/fr\/politique-de-confidentialite\/","url":"https:\/\/econoler.com\/fr\/politique-de-confidentialite\/","name":"Politique de Confidentialit\u00e9 et Protection des Donn\u00e9es | Econoler","isPartOf":{"@id":"https:\/\/econoler.com\/fr\/#website"},"datePublished":"2025-12-19T19:10:46+00:00","dateModified":"2026-02-27T21:16:19+00:00","description":"Notre politique de confidentialit\u00e9 : comment nous collectons, utilisons et prot\u00e9geons les renseignements personnels des visiteurs du site ainsi que leurs droits.","breadcrumb":{"@id":"https:\/\/econoler.com\/fr\/politique-de-confidentialite\/#breadcrumb"},"inLanguage":"fr-FR","potentialAction":[{"@type":"ReadAction","target":["https:\/\/econoler.com\/fr\/politique-de-confidentialite\/"]}]},{"@type":"BreadcrumbList","@id":"https:\/\/econoler.com\/fr\/politique-de-confidentialite\/#breadcrumb","itemListElement":[{"@type":"ListItem","position":1,"name":"Accueil","item":"https:\/\/econoler.com\/fr\/"},{"@type":"ListItem","position":2,"name":"Politique de confidentialit\u00e9 et protection des renseignements personnels"}]},{"@type":"WebSite","@id":"https:\/\/econoler.com\/fr\/#website","url":"https:\/\/econoler.com\/fr\/","name":"Econoler","description":"","potentialAction":[{"@type":"SearchAction","target":{"@type":"EntryPoint","urlTemplate":"https:\/\/econoler.com\/fr\/?s={search_term_string}"},"query-input":{"@type":"PropertyValueSpecification","valueRequired":true,"valueName":"search_term_string"}}],"inLanguage":"fr-FR"}]}},"_links":{"self":[{"href":"https:\/\/econoler.com\/fr\/wp-json\/wp\/v2\/pages\/1935","targetHints":{"allow":["GET"]}}],"collection":[{"href":"https:\/\/econoler.com\/fr\/wp-json\/wp\/v2\/pages"}],"about":[{"href":"https:\/\/econoler.com\/fr\/wp-json\/wp\/v2\/types\/page"}],"author":[{"embeddable":true,"href":"https:\/\/econoler.com\/fr\/wp-json\/wp\/v2\/users\/1"}],"replies":[{"embeddable":true,"href":"https:\/\/econoler.com\/fr\/wp-json\/wp\/v2\/comments?post=1935"}],"version-history":[{"count":2,"href":"https:\/\/econoler.com\/fr\/wp-json\/wp\/v2\/pages\/1935\/revisions"}],"predecessor-version":[{"id":6383,"href":"https:\/\/econoler.com\/fr\/wp-json\/wp\/v2\/pages\/1935\/revisions\/6383"}],"wp:attachment":[{"href":"https:\/\/econoler.com\/fr\/wp-json\/wp\/v2\/media?parent=1935"}],"curies":[{"name":"wp","href":"https:\/\/api.w.org\/{rel}","templated":true}]}}