{"id":1929,"date":"2026-02-03T19:02:08","date_gmt":"2026-02-03T19:02:08","guid":{"rendered":"https:\/\/econoler.firmecreative.com\/subsidiaries\/"},"modified":"2026-02-19T20:11:57","modified_gmt":"2026-02-19T20:11:57","slug":"subsidiaries","status":"publish","type":"page","link":"https:\/\/econoler.com\/fr\/subsidiaries\/","title":{"rendered":"Une expertise appuy\u00e9e par nos filiales"},"content":{"rendered":"\n<section class=\"wp-block-group wp-pattern__text-two-cols wp-pattern__text-two-cols--spacer-color-right is-layout-constrained wp-block-group-is-layout-constrained\">\n<div class=\"wp-block-columns is-layout-flex wp-container-core-columns-is-layout-9d6595d7 wp-block-columns-is-layout-flex\">\n<div class=\"wp-block-column has-grey-200-background-color has-background is-layout-flow wp-block-column-is-layout-flow\">\n<div class=\"wp-block-group is-layout-constrained wp-block-group-is-layout-constrained\">\n<h2 class=\"wp-block-heading\">CIET<\/h2>\n\n\n\n<p class=\"has-large-font-size\">Votre r\u00e9f\u00e9rence en formation en efficacit\u00e9 \u00e9nerg\u00e9tique et en d\u00e9carbonation<\/p>\n\n\n\n<div style=\"height:var(--wp--preset--spacing--md)\" aria-hidden=\"true\" class=\"wp-block-spacer\"><\/div>\n\n\n\n<div class=\"wp-block-buttons is-layout-flex wp-block-buttons-is-layout-flex\">\n<div class=\"wp-block-button\"><a class=\"wp-block-button__link wp-element-button\" href=\"https:\/\/cietcanada.com\/fr\/a-propos-de-ciet\/\" target=\"_blank\" rel=\"noreferrer noopener\">En savoir plus sur CIET<\/a><\/div>\n<\/div>\n<\/div>\n\n\n\n<div class=\"wp-block-group is-layout-constrained wp-block-group-is-layout-constrained\">\n<div style=\"height:var(--wp--preset--spacing--md)\" aria-hidden=\"true\" class=\"wp-block-spacer\"><\/div>\n<\/div>\n<\/div>\n\n\n\n<div class=\"wp-block-column has-green-1-background-color has-background is-layout-flow wp-block-column-is-layout-flow\">\n<div class=\"wp-block-group is-layout-constrained wp-block-group-is-layout-constrained\">\n<p class=\"has-large-font-size\">Depuis plus de 30 ans, notre filiale CIET est \u00e0 l\u2019avant-garde de la formation en \u00e9nergie et en d\u00e9carbonation, outillant les professionnels et les organisations pour g\u00e9n\u00e9rer des changements concrets et durables.<\/p>\n\n\n\n<ul class=\"wp-block-list\">\n<li>Chef de file canadien en formation en efficacit\u00e9 \u00e9nerg\u00e9tique et en d\u00e9carbonation<\/li>\n\n\n\n<li>Plus de 5 000 professionnels form\u00e9s chaque ann\u00e9e<\/li>\n\n\n\n<li>43 formations publiques standardis\u00e9es offertes en ligne et en pr\u00e9sentiel<\/li>\n\n\n\n<li>Des formations priv\u00e9es sur mesure adapt\u00e9es aux besoins des organisations<\/li>\n<\/ul>\n<\/div>\n\n\n\n<div class=\"wp-block-group is-layout-constrained wp-block-group-is-layout-constrained\">\n<div style=\"height:var(--wp--preset--spacing--lg)\" aria-hidden=\"true\" class=\"wp-block-spacer\"><\/div>\n\n\n\n<p>Gr\u00e2ce \u00e0 une combinaison d\u2019apprentissage appliqu\u00e9, ancr\u00e9 dans l\u2019industrie, et d\u2019accompagnement pratique, CIET permet aux professionnels de d\u00e9velopper une expertise qui g\u00e9n\u00e8re un impact r\u00e9el sur le terrain.<\/p>\n<\/div>\n\n\n\n<hr class=\"wp-block-separator has-text-color has-green-3-color has-alpha-channel-opacity has-green-3-background-color has-background\"\/>\n<\/div>\n<\/div>\n<\/section>\n\n\n\n<div class=\"wp-block-group wp-pattern__color-spacer is-layout-constrained wp-block-group-is-layout-constrained\">\n<hr class=\"wp-block-separator has-text-color has-blue-3-color has-alpha-channel-opacity has-blue-3-background-color has-background wp-pattern__color-spacer__separator\"\/>\n<\/div>\n\n\n\n<section class=\"wp-block-group wp-pattern__text-two-cols wp-pattern__text-two-cols--img-left is-layout-constrained wp-block-group-is-layout-constrained\">\n<div class=\"wp-block-columns is-layout-flex wp-container-core-columns-is-layout-9d6595d7 wp-block-columns-is-layout-flex\">\n<div class=\"wp-block-column is-layout-flow wp-block-column-is-layout-flow\">\n<div class=\"wp-block-group is-layout-constrained wp-block-group-is-layout-constrained\">\n<h2 class=\"wp-block-heading\">Econoler Capital<\/h2>\n\n\n\n<p>Concevoir et g\u00e9rer des m\u00e9canismes de financement de projets en efficacit\u00e9 \u00e9nerg\u00e9tique<\/p>\n<\/div>\n\n\n\n<div class=\"wp-block-group is-layout-constrained wp-block-group-is-layout-constrained\">\n<div style=\"height:var(--wp--preset--spacing--lg)\" aria-hidden=\"true\" class=\"wp-block-spacer\"><\/div>\n<\/div>\n<\/div>\n\n\n\n<div class=\"wp-block-column has-green-1-background-color has-background is-layout-flow wp-block-column-is-layout-flow\">\n<div class=\"wp-block-group is-layout-constrained wp-block-group-is-layout-constrained\">\n<p class=\"has-large-font-size\">Econoler Capital offre un accompagnement complet et des solutions de financement innovantes pour la mise en \u0153uvre de projets d&rsquo;efficacit\u00e9 \u00e9nerg\u00e9tique. L\u2019\u00e9quipe intervient dans la conception, la mise en place, le d\u00e9ploiement et la gestion de m\u00e9canismes de financement d\u00e9di\u00e9s aux initiatives d\u2019efficacit\u00e9 \u00e9nerg\u00e9tique et de d\u00e9carbonation, notamment par :<\/p>\n\n\n\n<ul class=\"wp-block-list\">\n<li>La conception et la gestion de m\u00e9canismes de financement sur mesure<\/li>\n\n\n\n<li>La gestion de v\u00e9hicules d\u2019investissement sp\u00e9cialis\u00e9s d\u00e9di\u00e9s aux projets d\u2019efficacit\u00e9 \u00e9nerg\u00e9tique et de d\u00e9carbonation<\/li>\n<\/ul>\n<\/div>\n\n\n\n<div class=\"wp-block-group is-layout-constrained wp-block-group-is-layout-constrained\">\n<div style=\"height:var(--wp--preset--spacing--lg)\" aria-hidden=\"true\" class=\"wp-block-spacer\"><\/div>\n\n\n\n<p class=\"has-large-font-size\">Econoler Capital g\u00e8re ou cog\u00e8re \u00e9galement des v\u00e9hicules d\u2019investissement sp\u00e9cialis\u00e9s, notamment :<\/p>\n\n\n\n<ul class=\"wp-block-list\">\n<li><a href=\"https:\/\/www.sofiac.ca\/\">SOFIAC Canada<\/a>, pour le secteur priv\u00e9<\/li>\n\n\n\n<li><a href=\"https:\/\/mamunicipaliteverte.ca\/programmes\/decarbonation\/\">\u00c9co\u00c9nergie360<\/a>, offert aux municipalit\u00e9s qu\u00e9b\u00e9coises par la F\u00e9d\u00e9ration qu\u00e9b\u00e9coise des municipalit\u00e9s<\/li>\n\n\n\n<li><a href=\"https:\/\/www.sofiac.eu\/\">SOFIAC France<\/a>, pour le secteur priv\u00e9<\/li>\n\n\n\n<li>African Energy Efficiency Fund (AEEF), pour le Maroc<\/li>\n<\/ul>\n\n\n\n<p class=\"has-large-font-size\">De nouvelles initiatives sont actuellement en d\u00e9veloppement et seront annonc\u00e9es prochainement.<\/p>\n<\/div>\n\n\n\n<div style=\"height:100px\" aria-hidden=\"true\" class=\"wp-block-spacer\"><\/div>\n<\/div>\n<\/div>\n<\/section>\n\n\n\n<section class=\"wp-block-group wp-pattern__text-image has-blue-3-background-color has-background is-layout-constrained wp-block-group-is-layout-constrained\">\n<div class=\"wp-block-columns is-layout-flex wp-container-core-columns-is-layout-9d6595d7 wp-block-columns-is-layout-flex\">\n<div class=\"wp-block-column wp-pattern__text-image__image is-layout-flow wp-block-column-is-layout-flow\" style=\"flex-basis:50%\">\n<figure class=\"wp-block-image size-full\"><img loading=\"lazy\" decoding=\"async\" width=\"6720\" height=\"4480\" src=\"https:\/\/econoler.com\/wp-content\/uploads\/2026\/02\/simon-lohmann-i_n_b44cqhk-unsplash.jpg\" alt=\"\" class=\"wp-image-3715\" srcset=\"https:\/\/econoler.com\/wp-content\/uploads\/2026\/02\/simon-lohmann-i_n_b44cqhk-unsplash.jpg 6720w, https:\/\/econoler.com\/wp-content\/uploads\/2026\/02\/simon-lohmann-i_n_b44cqhk-unsplash-300x200.jpg 300w, https:\/\/econoler.com\/wp-content\/uploads\/2026\/02\/simon-lohmann-i_n_b44cqhk-unsplash-1024x683.jpg 1024w, https:\/\/econoler.com\/wp-content\/uploads\/2026\/02\/simon-lohmann-i_n_b44cqhk-unsplash-800x533.jpg 800w, https:\/\/econoler.com\/wp-content\/uploads\/2026\/02\/simon-lohmann-i_n_b44cqhk-unsplash-1200x800.jpg 1200w, https:\/\/econoler.com\/wp-content\/uploads\/2026\/02\/simon-lohmann-i_n_b44cqhk-unsplash-1600x1067.jpg 1600w, https:\/\/econoler.com\/wp-content\/uploads\/2026\/02\/simon-lohmann-i_n_b44cqhk-unsplash-2000x1333.jpg 2000w\" sizes=\"auto, (max-width: 6720px) 100vw, 6720px\" \/><\/figure>\n<\/div>\n\n\n\n<div class=\"wp-block-column wp-pattern__text-image__content is-layout-flow wp-block-column-is-layout-flow\" style=\"flex-basis:50%\">\n<div class=\"wp-block-group wp-pattern__text-image__content__inner is-vertical is-content-justification-space-between is-layout-flex wp-container-core-group-is-layout-b46f1e35 wp-block-group-is-layout-flex\">\n<div class=\"wp-block-group wp-pattern__text-image__content__title-text is-layout-flow wp-block-group-is-layout-flow\">\n<h2 class=\"wp-block-heading wp-pattern__text-image__content__title-text__title has-white-color has-text-color has-link-color wp-elements-720bad1db7c184cc406f467944e9b2eb\">B\u00e2tissons un impact durable ensemble<\/h2>\n\n\n\n<p class=\"wp-pattern__text-image__content__title-text__text has-white-color has-text-color has-link-color wp-elements-cc1ff7910ef6ff4f452107d2d1827aa0\">Du renforcement des capacit\u00e9s aux m\u00e9canismes de financement innovants, nous sommes pr\u00eats \u00e0 vous accompagner dans votre prochaine \u00e9tape vers la transition \u00e9nerg\u00e9tique.<\/p>\n<\/div>\n\n\n\n<div class=\"wp-block-group wp-pattern__text-image__content__link is-layout-flow wp-block-group-is-layout-flow\">\n<div class=\"wp-block-buttons is-layout-flex wp-block-buttons-is-layout-flex\">\n<div class=\"wp-block-button\"><a class=\"wp-block-button__link wp-element-button\" href=\"https:\/\/econoler.com\/fr\/contact\/\">Contactez-nous<\/a><\/div>\n<\/div>\n<\/div>\n<\/div>\n<\/div>\n<\/div>\n<\/section>\n","protected":false},"excerpt":{"rendered":"<p>Econoler d\u00e9ploie son expertise \u00e0 travers ses filiales pour offrir des solutions compl\u00e8tes en efficacit\u00e9 \u00e9nerg\u00e9tique et d\u00e9carbonation, combinant formation, financement et accompagnement op\u00e9rationnel pour maximiser l\u2019impact de vos projets. <\/p>\n","protected":false},"author":1,"featured_media":0,"parent":0,"menu_order":0,"comment_status":"closed","ping_status":"closed","template":"","meta":{"_acf_changed":false,"footnotes":""},"class_list":["post-1929","page","type-page","status-publish","hentry"],"acf":[],"yoast_head":"<!-- This site is optimized with the Yoast SEO plugin v27.0 - https:\/\/yoast.com\/product\/yoast-seo-wordpress\/ -->\n<title>Filiales et Pr\u00e9sence Internationale | Econoler<\/title>\n<meta name=\"description\" content=\"D\u00e9couvrez nos filiales et bureaux internationaux, ainsi que notre pr\u00e9sence mondiale pour offrir des services en efficacit\u00e9 \u00e9nerg\u00e9tique et finance climatique.\" \/>\n<meta name=\"robots\" content=\"index, follow, max-snippet:-1, max-image-preview:large, max-video-preview:-1\" \/>\n<link rel=\"canonical\" href=\"https:\/\/econoler.com\/fr\/subsidiaries\/\" \/>\n<meta property=\"og:locale\" content=\"fr_FR\" \/>\n<meta property=\"og:type\" content=\"article\" \/>\n<meta property=\"og:title\" content=\"Filiales et Pr\u00e9sence Internationale | Econoler\" \/>\n<meta property=\"og:description\" content=\"D\u00e9couvrez nos filiales et bureaux internationaux, ainsi que notre pr\u00e9sence mondiale pour offrir des services en efficacit\u00e9 \u00e9nerg\u00e9tique et finance climatique.\" \/>\n<meta property=\"og:url\" content=\"https:\/\/econoler.com\/fr\/subsidiaries\/\" \/>\n<meta property=\"og:site_name\" content=\"Econoler\" \/>\n<meta property=\"article:modified_time\" content=\"2026-02-19T20:11:57+00:00\" \/>\n<meta property=\"og:image\" content=\"https:\/\/econoler.com\/wp-content\/uploads\/2026\/02\/simon-lohmann-i_n_b44cqhk-unsplash.jpg\" \/>\n<meta name=\"twitter:card\" content=\"summary_large_image\" \/>\n<meta name=\"twitter:label1\" content=\"Dur\u00e9e de lecture estim\u00e9e\" \/>\n\t<meta name=\"twitter:data1\" content=\"2 minutes\" \/>\n<!-- \/ Yoast SEO plugin. -->","yoast_head_json":{"title":"Filiales et Pr\u00e9sence Internationale | Econoler","description":"D\u00e9couvrez nos filiales et bureaux internationaux, ainsi que notre pr\u00e9sence mondiale pour offrir des services en efficacit\u00e9 \u00e9nerg\u00e9tique et finance climatique.","robots":{"index":"index","follow":"follow","max-snippet":"max-snippet:-1","max-image-preview":"max-image-preview:large","max-video-preview":"max-video-preview:-1"},"canonical":"https:\/\/econoler.com\/fr\/subsidiaries\/","og_locale":"fr_FR","og_type":"article","og_title":"Filiales et Pr\u00e9sence Internationale | Econoler","og_description":"D\u00e9couvrez nos filiales et bureaux internationaux, ainsi que notre pr\u00e9sence mondiale pour offrir des services en efficacit\u00e9 \u00e9nerg\u00e9tique et finance climatique.","og_url":"https:\/\/econoler.com\/fr\/subsidiaries\/","og_site_name":"Econoler","article_modified_time":"2026-02-19T20:11:57+00:00","og_image":[{"url":"https:\/\/econoler.com\/wp-content\/uploads\/2026\/02\/simon-lohmann-i_n_b44cqhk-unsplash.jpg","type":"","width":"","height":""}],"twitter_card":"summary_large_image","twitter_misc":{"Dur\u00e9e de lecture estim\u00e9e":"2 minutes"},"schema":{"@context":"https:\/\/schema.org","@graph":[{"@type":"WebPage","@id":"https:\/\/econoler.com\/fr\/subsidiaries\/","url":"https:\/\/econoler.com\/fr\/subsidiaries\/","name":"Filiales et Pr\u00e9sence Internationale | Econoler","isPartOf":{"@id":"https:\/\/econoler.com\/fr\/#website"},"primaryImageOfPage":{"@id":"https:\/\/econoler.com\/fr\/subsidiaries\/#primaryimage"},"image":{"@id":"https:\/\/econoler.com\/fr\/subsidiaries\/#primaryimage"},"thumbnailUrl":"https:\/\/econoler.com\/wp-content\/uploads\/2026\/02\/simon-lohmann-i_n_b44cqhk-unsplash.jpg","datePublished":"2026-02-03T19:02:08+00:00","dateModified":"2026-02-19T20:11:57+00:00","description":"D\u00e9couvrez nos filiales et bureaux internationaux, ainsi que notre pr\u00e9sence mondiale pour offrir des services en efficacit\u00e9 \u00e9nerg\u00e9tique et finance climatique.","breadcrumb":{"@id":"https:\/\/econoler.com\/fr\/subsidiaries\/#breadcrumb"},"inLanguage":"fr-FR","potentialAction":[{"@type":"ReadAction","target":["https:\/\/econoler.com\/fr\/subsidiaries\/"]}]},{"@type":"ImageObject","inLanguage":"fr-FR","@id":"https:\/\/econoler.com\/fr\/subsidiaries\/#primaryimage","url":"https:\/\/econoler.com\/wp-content\/uploads\/2026\/02\/simon-lohmann-i_n_b44cqhk-unsplash.jpg","contentUrl":"https:\/\/econoler.com\/wp-content\/uploads\/2026\/02\/simon-lohmann-i_n_b44cqhk-unsplash.jpg"},{"@type":"BreadcrumbList","@id":"https:\/\/econoler.com\/fr\/subsidiaries\/#breadcrumb","itemListElement":[{"@type":"ListItem","position":1,"name":"Accueil","item":"https:\/\/econoler.com\/fr\/"},{"@type":"ListItem","position":2,"name":"Une expertise appuy\u00e9e par nos filiales"}]},{"@type":"WebSite","@id":"https:\/\/econoler.com\/fr\/#website","url":"https:\/\/econoler.com\/fr\/","name":"Econoler","description":"","potentialAction":[{"@type":"SearchAction","target":{"@type":"EntryPoint","urlTemplate":"https:\/\/econoler.com\/fr\/?s={search_term_string}"},"query-input":{"@type":"PropertyValueSpecification","valueRequired":true,"valueName":"search_term_string"}}],"inLanguage":"fr-FR"}]}},"_links":{"self":[{"href":"https:\/\/econoler.com\/fr\/wp-json\/wp\/v2\/pages\/1929","targetHints":{"allow":["GET"]}}],"collection":[{"href":"https:\/\/econoler.com\/fr\/wp-json\/wp\/v2\/pages"}],"about":[{"href":"https:\/\/econoler.com\/fr\/wp-json\/wp\/v2\/types\/page"}],"author":[{"embeddable":true,"href":"https:\/\/econoler.com\/fr\/wp-json\/wp\/v2\/users\/1"}],"replies":[{"embeddable":true,"href":"https:\/\/econoler.com\/fr\/wp-json\/wp\/v2\/comments?post=1929"}],"version-history":[{"count":2,"href":"https:\/\/econoler.com\/fr\/wp-json\/wp\/v2\/pages\/1929\/revisions"}],"predecessor-version":[{"id":5726,"href":"https:\/\/econoler.com\/fr\/wp-json\/wp\/v2\/pages\/1929\/revisions\/5726"}],"wp:attachment":[{"href":"https:\/\/econoler.com\/fr\/wp-json\/wp\/v2\/media?parent=1929"}],"curies":[{"name":"wp","href":"https:\/\/api.w.org\/{rel}","templated":true}]}}