{"id":1928,"date":"2026-02-03T19:02:08","date_gmt":"2026-02-03T19:02:08","guid":{"rendered":"https:\/\/econoler.firmecreative.com\/subsidiaries\/"},"modified":"2026-02-19T20:10:46","modified_gmt":"2026-02-19T20:10:46","slug":"subsidiaries","status":"publish","type":"page","link":"https:\/\/econoler.com\/en-ca\/subsidiaries\/","title":{"rendered":"Expertise\u00a0strengthened by our subsidiaries"},"content":{"rendered":"\n<section class=\"wp-block-group wp-pattern__text-two-cols wp-pattern__text-two-cols--spacer-color-right is-layout-constrained wp-block-group-is-layout-constrained\">\n<div class=\"wp-block-columns is-layout-flex wp-container-core-columns-is-layout-9d6595d7 wp-block-columns-is-layout-flex\">\n<div class=\"wp-block-column has-grey-200-background-color has-background is-layout-flow wp-block-column-is-layout-flow\">\n<div class=\"wp-block-group is-layout-constrained wp-block-group-is-layout-constrained\">\n<h2 class=\"wp-block-heading\">CIET<\/h2>\n\n\n\n<p class=\"has-large-font-size\">Your reference for energy efficiency and decarbonization training<\/p>\n\n\n\n<div style=\"height:var(--wp--preset--spacing--md)\" aria-hidden=\"true\" class=\"wp-block-spacer\"><\/div>\n\n\n\n<div class=\"wp-block-buttons is-layout-flex wp-block-buttons-is-layout-flex\">\n<div class=\"wp-block-button\"><a class=\"wp-block-button__link wp-element-button\" href=\"https:\/\/cietcanada.com\/about-ciet\/\" target=\"_blank\" rel=\"noreferrer noopener\">Learn more about CIET<\/a><\/div>\n<\/div>\n<\/div>\n\n\n\n<div class=\"wp-block-group is-layout-constrained wp-block-group-is-layout-constrained\">\n<div style=\"height:var(--wp--preset--spacing--md)\" aria-hidden=\"true\" class=\"wp-block-spacer\"><\/div>\n\n\n\n<figure class=\"wp-block-image size-full\"><img loading=\"lazy\" decoding=\"async\" width=\"718\" height=\"718\" src=\"https:\/\/econoler.com\/wp-content\/uploads\/2026\/02\/ciet-couleur-en_square-for-social-media.jpg\" alt=\"\" class=\"wp-image-3704\" srcset=\"https:\/\/econoler.com\/wp-content\/uploads\/2026\/02\/ciet-couleur-en_square-for-social-media.jpg 718w, https:\/\/econoler.com\/wp-content\/uploads\/2026\/02\/ciet-couleur-en_square-for-social-media-300x300.jpg 300w, https:\/\/econoler.com\/wp-content\/uploads\/2026\/02\/ciet-couleur-en_square-for-social-media-150x150.jpg 150w\" sizes=\"auto, (max-width: 718px) 100vw, 718px\" \/><\/figure>\n<\/div>\n<\/div>\n\n\n\n<div class=\"wp-block-column has-green-1-background-color has-background is-layout-flow wp-block-column-is-layout-flow\">\n<div class=\"wp-block-group is-layout-constrained wp-block-group-is-layout-constrained\">\n<p class=\"has-large-font-size\">For over 30 years, our subsidiary CIET has been at the forefront of energy and decarbonization training, equipping professionals and organizations to achieve meaningful and lasting change.<\/p>\n\n\n\n<ul class=\"wp-block-list\">\n<li>Leading Canadian provider of training in energy efficiency and decarbonization&nbsp;&nbsp;<\/li>\n<\/ul>\n\n\n\n<ul class=\"wp-block-list\">\n<li>More than 5,000 professionals trained each year&nbsp;&nbsp;<\/li>\n<\/ul>\n\n\n\n<ul class=\"wp-block-list\">\n<li>43 standardized public courses offered online and live&nbsp;&nbsp;<\/li>\n<\/ul>\n\n\n\n<ul class=\"wp-block-list\">\n<li>Customized private training tailored to organizational needs&nbsp;&nbsp;<\/li>\n<\/ul>\n<\/div>\n\n\n\n<div class=\"wp-block-group is-layout-constrained wp-block-group-is-layout-constrained\">\n<div style=\"height:var(--wp--preset--spacing--lg)\" aria-hidden=\"true\" class=\"wp-block-spacer\"><\/div>\n\n\n\n<p>Through a combination of applied, industry-led learning and practical guidance, CIET helps professionals build&nbsp;expertise&nbsp;that drives real-world impact.&nbsp;<\/p>\n<\/div>\n\n\n\n<hr class=\"wp-block-separator has-text-color has-green-3-color has-alpha-channel-opacity has-green-3-background-color has-background\"\/>\n<\/div>\n<\/div>\n<\/section>\n\n\n\n<div class=\"wp-block-group wp-pattern__color-spacer is-layout-constrained wp-block-group-is-layout-constrained\">\n<hr class=\"wp-block-separator has-text-color has-blue-3-color has-alpha-channel-opacity has-blue-3-background-color has-background wp-pattern__color-spacer__separator\"\/>\n<\/div>\n\n\n\n<section class=\"wp-block-group wp-pattern__text-two-cols wp-pattern__text-two-cols--img-left is-layout-constrained wp-block-group-is-layout-constrained\">\n<div class=\"wp-block-columns is-layout-flex wp-container-core-columns-is-layout-9d6595d7 wp-block-columns-is-layout-flex\">\n<div class=\"wp-block-column is-layout-flow wp-block-column-is-layout-flow\">\n<div class=\"wp-block-group is-layout-constrained wp-block-group-is-layout-constrained\">\n<h2 class=\"wp-block-heading\">Econoler Capital<\/h2>\n\n\n\n<p>Designing and managing project financing mechanisms in energy efficiency<\/p>\n<\/div>\n\n\n\n<div class=\"wp-block-group is-layout-constrained wp-block-group-is-layout-constrained\">\n<div style=\"height:var(--wp--preset--spacing--lg)\" aria-hidden=\"true\" class=\"wp-block-spacer\"><\/div>\n<\/div>\n<\/div>\n\n\n\n<div class=\"wp-block-column has-green-1-background-color has-background is-layout-flow wp-block-column-is-layout-flow\">\n<div class=\"wp-block-group is-layout-constrained wp-block-group-is-layout-constrained\">\n<p class=\"has-large-font-size\">Econoler Capital provides comprehensive and innovative support and financing solutions for the implementation of energy efficiency projects. It is involved in the design, setup, implementation, and management of project financing mechanisms for energy efficiency and decarbonization initiatives, through:&nbsp;&nbsp;<\/p>\n\n\n\n<ul class=\"wp-block-list\">\n<li>The design and management of tailored financing mechanisms&nbsp;&nbsp;<\/li>\n\n\n\n<li>The management of specialized investment vehicles dedicated to energy&nbsp;efficiency and decarbonization projects&nbsp;&nbsp;<\/li>\n<\/ul>\n<\/div>\n\n\n\n<div class=\"wp-block-group is-layout-constrained wp-block-group-is-layout-constrained\">\n<div style=\"height:var(--wp--preset--spacing--lg)\" aria-hidden=\"true\" class=\"wp-block-spacer\"><\/div>\n\n\n\n<p class=\"has-large-font-size\">Econoler Capital also&nbsp;<strong>manages&nbsp;or co manages<\/strong>&nbsp;specialized investment vehicles, including:&nbsp;&nbsp;<\/p>\n\n\n\n<ul class=\"wp-block-list\">\n<li><a href=\"https:\/\/www.sofiac.ca\/en\/\">SOFIAC Canada<\/a>, for the private sector&nbsp;&nbsp;<\/li>\n<\/ul>\n\n\n\n<ul class=\"wp-block-list\">\n<li><a href=\"https:\/\/mamunicipaliteverte.ca\/programmes\/decarbonation\/\" target=\"_blank\" rel=\"noreferrer noopener\">\u00c9co\u00e9nergie360<\/a>,&nbsp;offered&nbsp;to&nbsp;Quebec&nbsp;municipalities&nbsp;through&nbsp;the F\u00e9d\u00e9ration qu\u00e9b\u00e9coise des municipalit\u00e9s&nbsp;&nbsp;<\/li>\n<\/ul>\n\n\n\n<ul class=\"wp-block-list\">\n<li><a href=\"https:\/\/www.sofiac.eu\/en\/\" target=\"_blank\" rel=\"noreferrer noopener\">SOFIAC France<\/a>,&nbsp;for the private sector&nbsp;<\/li>\n<\/ul>\n\n\n\n<ul class=\"wp-block-list\">\n<li>African Energy Efficiency Fund (AEEF), for&nbsp;Morocco&nbsp;<\/li>\n<\/ul>\n\n\n\n<p class=\"has-large-font-size\">New initiatives are currently in&nbsp;development&nbsp;and should be announced soon.<\/p>\n<\/div>\n\n\n\n<div style=\"height:100px\" aria-hidden=\"true\" class=\"wp-block-spacer\"><\/div>\n<\/div>\n<\/div>\n<\/section>\n\n\n\n<section class=\"wp-block-group wp-pattern__text-image has-blue-3-background-color has-background is-layout-constrained wp-block-group-is-layout-constrained\">\n<div class=\"wp-block-columns is-layout-flex wp-container-core-columns-is-layout-9d6595d7 wp-block-columns-is-layout-flex\">\n<div class=\"wp-block-column wp-pattern__text-image__image is-layout-flow wp-block-column-is-layout-flow\" style=\"flex-basis:50%\">\n<figure class=\"wp-block-image size-full\"><img loading=\"lazy\" decoding=\"async\" width=\"6720\" height=\"4480\" src=\"https:\/\/econoler.com\/wp-content\/uploads\/2026\/02\/simon-lohmann-i_n_b44cqhk-unsplash.jpg\" alt=\"\" class=\"wp-image-3715\" srcset=\"https:\/\/econoler.com\/wp-content\/uploads\/2026\/02\/simon-lohmann-i_n_b44cqhk-unsplash.jpg 6720w, https:\/\/econoler.com\/wp-content\/uploads\/2026\/02\/simon-lohmann-i_n_b44cqhk-unsplash-300x200.jpg 300w, https:\/\/econoler.com\/wp-content\/uploads\/2026\/02\/simon-lohmann-i_n_b44cqhk-unsplash-1024x683.jpg 1024w, https:\/\/econoler.com\/wp-content\/uploads\/2026\/02\/simon-lohmann-i_n_b44cqhk-unsplash-800x533.jpg 800w, https:\/\/econoler.com\/wp-content\/uploads\/2026\/02\/simon-lohmann-i_n_b44cqhk-unsplash-1200x800.jpg 1200w, https:\/\/econoler.com\/wp-content\/uploads\/2026\/02\/simon-lohmann-i_n_b44cqhk-unsplash-1600x1067.jpg 1600w, https:\/\/econoler.com\/wp-content\/uploads\/2026\/02\/simon-lohmann-i_n_b44cqhk-unsplash-2000x1333.jpg 2000w\" sizes=\"auto, (max-width: 6720px) 100vw, 6720px\" \/><\/figure>\n<\/div>\n\n\n\n<div class=\"wp-block-column wp-pattern__text-image__content is-layout-flow wp-block-column-is-layout-flow\" style=\"flex-basis:50%\">\n<div class=\"wp-block-group wp-pattern__text-image__content__inner is-vertical is-content-justification-space-between is-layout-flex wp-container-core-group-is-layout-b46f1e35 wp-block-group-is-layout-flex\">\n<div class=\"wp-block-group wp-pattern__text-image__content__title-text is-layout-flow wp-block-group-is-layout-flow\">\n<h2 class=\"wp-block-heading wp-pattern__text-image__content__title-text__title has-white-color has-text-color has-link-color wp-elements-bd49b0a1326b8dab3ce1fa88d3734f17\">Let\u2019s Build Impact Together<\/h2>\n\n\n\n<p class=\"wp-pattern__text-image__content__title-text__text has-white-color has-text-color has-link-color wp-elements-0ae9935f0d9c55a47408afef773059c0\">From capacity building to innovative financing, we\u2019re ready to support your next step in the energy transition.<\/p>\n<\/div>\n\n\n\n<div class=\"wp-block-group wp-pattern__text-image__content__link is-layout-flow wp-block-group-is-layout-flow\">\n<div class=\"wp-block-buttons is-layout-flex wp-block-buttons-is-layout-flex\">\n<div class=\"wp-block-button\"><a class=\"wp-block-button__link wp-element-button\" href=\"https:\/\/econoler.com\/en-ca\/contact\/\">Contact us<\/a><\/div>\n<\/div>\n<\/div>\n<\/div>\n<\/div>\n<\/div>\n<\/section>\n","protected":false},"excerpt":{"rendered":"<p>Econoler leverages its subsidiaries to provide comprehensive energy efficiency and decarbonization solutions, combining training, financing, and operational support to maximize the impact of your projects. <\/p>\n","protected":false},"author":1,"featured_media":0,"parent":0,"menu_order":0,"comment_status":"closed","ping_status":"closed","template":"","meta":{"_acf_changed":false,"footnotes":""},"class_list":["post-1928","page","type-page","status-publish","hentry"],"acf":[],"yoast_head":"<!-- This site is optimized with the Yoast SEO plugin v27.0 - https:\/\/yoast.com\/product\/yoast-seo-wordpress\/ -->\n<title>Econoler Subsidiaries &amp; Global Presence | Econoler<\/title>\n<meta name=\"description\" content=\"Explore Econoler\u2019s global subsidiaries and regional offices delivering energy efficiency and climate finance consulting worldwide.\" \/>\n<meta name=\"robots\" content=\"index, follow, max-snippet:-1, max-image-preview:large, max-video-preview:-1\" \/>\n<link rel=\"canonical\" href=\"https:\/\/econoler.com\/en-ca\/subsidiaries\/\" \/>\n<meta property=\"og:locale\" content=\"en_US\" \/>\n<meta property=\"og:type\" content=\"article\" \/>\n<meta property=\"og:title\" content=\"Econoler Subsidiaries &amp; Global Presence | Econoler\" \/>\n<meta property=\"og:description\" content=\"Explore Econoler\u2019s global subsidiaries and regional offices delivering energy efficiency and climate finance consulting worldwide.\" \/>\n<meta property=\"og:url\" content=\"https:\/\/econoler.com\/en-ca\/subsidiaries\/\" \/>\n<meta property=\"og:site_name\" content=\"Econoler\" \/>\n<meta property=\"article:modified_time\" content=\"2026-02-19T20:10:46+00:00\" \/>\n<meta property=\"og:image\" content=\"https:\/\/econoler.com\/wp-content\/uploads\/2026\/02\/ciet-couleur-en_square-for-social-media.jpg\" \/>\n<meta name=\"twitter:card\" content=\"summary_large_image\" \/>\n<meta name=\"twitter:label1\" content=\"Est. reading time\" \/>\n\t<meta name=\"twitter:data1\" content=\"2 minutes\" \/>\n<!-- \/ Yoast SEO plugin. -->","yoast_head_json":{"title":"Econoler Subsidiaries & Global Presence | Econoler","description":"Explore Econoler\u2019s global subsidiaries and regional offices delivering energy efficiency and climate finance consulting worldwide.","robots":{"index":"index","follow":"follow","max-snippet":"max-snippet:-1","max-image-preview":"max-image-preview:large","max-video-preview":"max-video-preview:-1"},"canonical":"https:\/\/econoler.com\/en-ca\/subsidiaries\/","og_locale":"en_US","og_type":"article","og_title":"Econoler Subsidiaries & Global Presence | Econoler","og_description":"Explore Econoler\u2019s global subsidiaries and regional offices delivering energy efficiency and climate finance consulting worldwide.","og_url":"https:\/\/econoler.com\/en-ca\/subsidiaries\/","og_site_name":"Econoler","article_modified_time":"2026-02-19T20:10:46+00:00","og_image":[{"url":"https:\/\/econoler.com\/wp-content\/uploads\/2026\/02\/ciet-couleur-en_square-for-social-media.jpg","type":"","width":"","height":""}],"twitter_card":"summary_large_image","twitter_misc":{"Est. reading time":"2 minutes"},"schema":{"@context":"https:\/\/schema.org","@graph":[{"@type":"WebPage","@id":"https:\/\/econoler.com\/en-ca\/subsidiaries\/","url":"https:\/\/econoler.com\/en-ca\/subsidiaries\/","name":"Econoler Subsidiaries & Global Presence | Econoler","isPartOf":{"@id":"https:\/\/econoler.com\/en-ca\/#website"},"primaryImageOfPage":{"@id":"https:\/\/econoler.com\/en-ca\/subsidiaries\/#primaryimage"},"image":{"@id":"https:\/\/econoler.com\/en-ca\/subsidiaries\/#primaryimage"},"thumbnailUrl":"https:\/\/econoler.com\/wp-content\/uploads\/2026\/02\/ciet-couleur-en_square-for-social-media.jpg","datePublished":"2026-02-03T19:02:08+00:00","dateModified":"2026-02-19T20:10:46+00:00","description":"Explore Econoler\u2019s global subsidiaries and regional offices delivering energy efficiency and climate finance consulting worldwide.","breadcrumb":{"@id":"https:\/\/econoler.com\/en-ca\/subsidiaries\/#breadcrumb"},"inLanguage":"en-CA","potentialAction":[{"@type":"ReadAction","target":["https:\/\/econoler.com\/en-ca\/subsidiaries\/"]}]},{"@type":"ImageObject","inLanguage":"en-CA","@id":"https:\/\/econoler.com\/en-ca\/subsidiaries\/#primaryimage","url":"https:\/\/econoler.com\/wp-content\/uploads\/2026\/02\/ciet-couleur-en_square-for-social-media.jpg","contentUrl":"https:\/\/econoler.com\/wp-content\/uploads\/2026\/02\/ciet-couleur-en_square-for-social-media.jpg"},{"@type":"BreadcrumbList","@id":"https:\/\/econoler.com\/en-ca\/subsidiaries\/#breadcrumb","itemListElement":[{"@type":"ListItem","position":1,"name":"Accueil","item":"https:\/\/econoler.com\/en-ca\/"},{"@type":"ListItem","position":2,"name":"Expertise\u00a0strengthened by our subsidiaries"}]},{"@type":"WebSite","@id":"https:\/\/econoler.com\/en-ca\/#website","url":"https:\/\/econoler.com\/en-ca\/","name":"Econoler","description":"","potentialAction":[{"@type":"SearchAction","target":{"@type":"EntryPoint","urlTemplate":"https:\/\/econoler.com\/en-ca\/?s={search_term_string}"},"query-input":{"@type":"PropertyValueSpecification","valueRequired":true,"valueName":"search_term_string"}}],"inLanguage":"en-CA"}]}},"_links":{"self":[{"href":"https:\/\/econoler.com\/en-ca\/wp-json\/wp\/v2\/pages\/1928","targetHints":{"allow":["GET"]}}],"collection":[{"href":"https:\/\/econoler.com\/en-ca\/wp-json\/wp\/v2\/pages"}],"about":[{"href":"https:\/\/econoler.com\/en-ca\/wp-json\/wp\/v2\/types\/page"}],"author":[{"embeddable":true,"href":"https:\/\/econoler.com\/en-ca\/wp-json\/wp\/v2\/users\/1"}],"replies":[{"embeddable":true,"href":"https:\/\/econoler.com\/en-ca\/wp-json\/wp\/v2\/comments?post=1928"}],"version-history":[{"count":2,"href":"https:\/\/econoler.com\/en-ca\/wp-json\/wp\/v2\/pages\/1928\/revisions"}],"predecessor-version":[{"id":5719,"href":"https:\/\/econoler.com\/en-ca\/wp-json\/wp\/v2\/pages\/1928\/revisions\/5719"}],"wp:attachment":[{"href":"https:\/\/econoler.com\/en-ca\/wp-json\/wp\/v2\/media?parent=1928"}],"curies":[{"name":"wp","href":"https:\/\/api.w.org\/{rel}","templated":true}]}}